{"id":103,"date":"2020-11-06T19:09:21","date_gmt":"2020-11-06T19:09:21","guid":{"rendered":"https:\/\/lavendel-gegen-motten.de\/?page_id=103"},"modified":"2020-11-06T19:09:49","modified_gmt":"2020-11-06T19:09:49","slug":"datenschutzerklaerung","status":"publish","type":"page","link":"https:\/\/lavendel-gegen-motten.de\/?page_id=103","title":{"rendered":"Datenschutzerkl\u00e4rung"},"content":{"rendered":"\t\t<div data-elementor-type=\"wp-page\" data-elementor-id=\"103\" class=\"elementor elementor-103\" data-elementor-settings=\"[]\">\n\t\t\t\t\t\t<div class=\"elementor-inner\">\n\t\t\t\t\t\t\t<div class=\"elementor-section-wrap\">\n\t\t\t\t\t\t\t<section class=\"elementor-section elementor-top-section elementor-element elementor-element-8350425 elementor-section-boxed elementor-section-height-default elementor-section-height-default\" data-id=\"8350425\" data-element_type=\"section\">\n\t\t\t\t\t\t<div class=\"elementor-container elementor-column-gap-default\">\n\t\t\t\t\t\t\t<div class=\"elementor-row\">\n\t\t\t\t\t<div class=\"elementor-column elementor-col-100 elementor-top-column elementor-element elementor-element-25be4a3\" data-id=\"25be4a3\" data-element_type=\"column\">\n\t\t\t<div class=\"elementor-column-wrap elementor-element-populated\">\n\t\t\t\t\t\t\t<div class=\"elementor-widget-wrap\">\n\t\t\t\t\t\t<div class=\"elementor-element elementor-element-b5cd942 elementor-widget elementor-widget-text-editor\" data-id=\"b5cd942\" data-element_type=\"widget\" data-widget_type=\"text-editor.default\">\n\t\t\t\t<div class=\"elementor-widget-container\">\n\t\t\t\t\t\t\t\t<div class=\"elementor-text-editor elementor-clearfix\">\n\t\t\t\t<h1 class=\"adsimple-311228638\" style=\"margin-top: 0.67em; margin-bottom: 0.67em; font-family: Montserrat; font-weight: bold; line-height: 1.4; font-size: 32px; color: #333333;\" data-fontsize=\"32\" data-lineheight=\"44\">Datenschutzerkl\u00e4rung<\/h1><h2 class=\"adsimple-311228638\" style=\"color: #333333; margin: 0em 0px 0.5em; font-family: Montserrat; font-weight: bold; line-height: 1.5; font-size: 24px;\" data-fontsize=\"24\" data-lineheight=\"36\">Datenschutz<\/h2><p style=\"margin-right: 0px; margin-bottom: 20px; margin-left: 0px; color: #333333; font-family: Roboto; font-size: 18px;\">Wir haben diese Datenschutzerkl\u00e4rung (Fassung 06.11.2020-311228638) verfasst, um Ihnen gem\u00e4\u00df der Vorgaben der\u00a0<a class=\"adsimple-311228638\" style=\"text-decoration-line: underline; transition-property: color, background-color, border-color; transition-duration: 0.2s; transition-timing-function: linear; color: #333333;\" href=\"https:\/\/eur-lex.europa.eu\/legal-content\/DE\/ALL\/?uri=celex%3A32016R0679&amp;tid=311228638\" target=\"_blank\" rel=\"noopener\">Datenschutz-Grundverordnung (EU) 2016\/679<\/a>\u00a0zu erkl\u00e4ren, welche Informationen wir sammeln, wie wir Daten verwenden und welche Entscheidungsm\u00f6glichkeiten Sie als Besucher dieser Webseite haben.<\/p><p style=\"margin-right: 0px; margin-bottom: 20px; margin-left: 0px; color: #333333; font-family: Roboto; font-size: 18px;\">Leider liegt es in der Natur der Sache, dass diese Erkl\u00e4rungen sehr technisch klingen, wir haben uns bei der Erstellung jedoch bem\u00fcht die wichtigsten Dinge so einfach und klar wie m\u00f6glich zu beschreiben.<\/p><h2 class=\"adsimple-311228638\" style=\"color: #333333; margin: 0em 0px 0.5em; font-family: Montserrat; font-weight: bold; line-height: 1.5; font-size: 24px;\" data-fontsize=\"24\" data-lineheight=\"36\">Cookies<\/h2><p style=\"margin-right: 0px; margin-bottom: 20px; margin-left: 0px; color: #333333; font-family: Roboto; font-size: 18px;\">Unsere Website verwendet HTTP-Cookies um nutzerspezifische Daten zu speichern.<br \/>Im Folgenden erkl\u00e4ren wir, was Cookies sind und warum Sie genutzt werden, damit Sie die folgende Datenschutzerkl\u00e4rung besser verstehen.<\/p><h3 class=\"adsimple-311228638\" style=\"margin-top: 1em; margin-bottom: 0.5em; font-family: Montserrat; font-weight: bold; line-height: 1.5; font-size: 21px; color: #333333;\" data-fontsize=\"21\" data-lineheight=\"31\">Was genau sind Cookies?<\/h3><p style=\"margin-right: 0px; margin-bottom: 20px; margin-left: 0px; color: #333333; font-family: Roboto; font-size: 18px;\">Immer wenn Sie durch das Internet surfen, verwenden Sie einen Browser. Bekannte Browser sind beispielsweise Chrome, Safari, Firefox, Internet Explorer und Microsoft Edge. Die meisten Webseiten speichern kleine Text-Dateien in Ihrem Browser. Diese Dateien nennt man Cookies.<\/p><p style=\"margin-right: 0px; margin-bottom: 20px; margin-left: 0px; color: #333333; font-family: Roboto; font-size: 18px;\">Eines ist nicht von der Hand zu weisen: Cookies sind echt n\u00fctzliche Helferlein. Fast alle Webseiten verwenden\u00a0Cookies. Genauer gesprochen sind es HTTP-Cookies, da es auch noch andere\u00a0Cookies f\u00fcr andere Anwendungsbereiche gibt. HTTP-Cookies\u00a0sind kleine Dateien, die von unserer Website auf Ihrem Computer gespeichert werden. Diese Cookie-Dateien werden automatisch im Cookie-Ordner, quasi dem \u201cHirn\u201d Ihres Browsers, untergebracht. Ein Cookie besteht aus einem Namen und einem Wert. Bei der Definition eines Cookies m\u00fcssen zus\u00e4tzlich ein oder mehrere Attribute angegeben werden.<\/p><p style=\"margin-right: 0px; margin-bottom: 20px; margin-left: 0px; color: #333333; font-family: Roboto; font-size: 18px;\">Cookies\u00a0speichern gewisse Nutzerdaten von Ihnen, wie beispielsweise Sprache oder pers\u00f6nliche Seiteneinstellungen. Wenn Sie unsere Seite wieder aufrufen, \u00fcbermittelt Ihr Browser die \u201euserbezogenen\u201c Informationen an unsere Seite zur\u00fcck. Dank der Cookies wei\u00df unsere Website, wer Sie sind und bietet Ihnen Ihre gewohnte Standardeinstellung. In einigen Browsern hat jedes\u00a0Cookie\u00a0eine eigene Datei, in anderen wie beispielsweise Firefox sind alle\u00a0Cookies\u00a0in einer einzigen Datei gespeichert.<\/p><p style=\"margin-right: 0px; margin-bottom: 20px; margin-left: 0px; color: #333333; font-family: Roboto; font-size: 18px;\">Es gibt sowohl Erstanbieter Cookies als auch Drittanbieter-Cookies. Erstanbieter-Cookies werden direkt von unserer Seite erstellt, Drittanbieter-Cookies werden von Partner-Webseiten (z.B. Google Analytics) erstellt.\u00a0Jedes Cookie ist individuell zu bewerten, da jedes Cookie andere Daten speichert. Auch die Ablaufzeit eines Cookies variiert von ein paar Minuten bis hin zu ein paar Jahren.\u00a0Cookies sind keine Software-Programme und enthalten keine Viren, Trojaner oder andere \u201eSch\u00e4dlinge\u201c. Cookies k\u00f6nnen auch nicht auf Informationen Ihres PCs zugreifen.<\/p><p style=\"margin-right: 0px; margin-bottom: 20px; margin-left: 0px; color: #333333; font-family: Roboto; font-size: 18px;\">So k\u00f6nnen zum Beispiel Cookie-Daten aussehen:<\/p><ul class=\"adsimple-311228638\" style=\"color: #333333; font-family: Roboto; font-size: 18px; background-color: #ffffff;\"><li class=\"adsimple-311228638\">Name: _ga<\/li><li class=\"adsimple-311228638\">Ablaufzeit: 2 Jahre<\/li><li class=\"adsimple-311228638\">Verwendung: Unterscheidung der Webseitenbesucher<\/li><li class=\"adsimple-311228638\">Beispielhafter Wert:\u00a0GA1.2.1326744211.152311228638<\/li><\/ul><p style=\"margin-right: 0px; margin-bottom: 20px; margin-left: 0px; color: #333333; font-family: Roboto; font-size: 18px;\">Ein Browser sollte folgende Mindestgr\u00f6\u00dfen unterst\u00fctzen:<\/p><ul class=\"adsimple-311228638\" style=\"color: #333333; font-family: Roboto; font-size: 18px; background-color: #ffffff;\"><li class=\"adsimple-311228638\">Ein Cookie soll mindestens 4096 Bytes enthalten k\u00f6nnen<\/li><li class=\"adsimple-311228638\">Pro Domain sollen mindestens 50 Cookies gespeichert werden k\u00f6nnen<\/li><li class=\"adsimple-311228638\">Insgesamt sollen mindestens 3000 Cookies gespeichert werden k\u00f6nnen<\/li><\/ul><h3 class=\"adsimple-311228638\" style=\"margin-top: 1em; margin-bottom: 0.5em; font-family: Montserrat; font-weight: bold; line-height: 1.5; font-size: 21px; color: #333333;\" data-fontsize=\"21\" data-lineheight=\"31\">Welche Arten von Cookies gibt es?<\/h3><p style=\"margin-right: 0px; margin-bottom: 20px; margin-left: 0px; color: #333333; font-family: Roboto; font-size: 18px;\">Die Frage welche Cookies wir im Speziellen verwenden, h\u00e4ngt von den verwendeten Diensten ab und wird in der folgenden Abschnitten der Datenschutzerkl\u00e4rung gekl\u00e4rt. An dieser Stelle m\u00f6chten wir kurz auf die verschiedenen Arten von HTTP-Cookies eingehen.<\/p><p style=\"margin-right: 0px; margin-bottom: 20px; margin-left: 0px; color: #333333; font-family: Roboto; font-size: 18px;\">Man kann 4 Arten von Cookies unterscheiden:<\/p><p style=\"margin-right: 0px; margin-bottom: 20px; margin-left: 0px; color: #333333; font-family: Roboto; font-size: 18px;\"><span class=\"adsimple-311228638\" style=\"font-weight: bold;\">Unbedingt notwendige Cookies<br \/><\/span>Diese Cookies sind n\u00f6tig, um grundlegende Funktionen der Website sicherzustellen. Zum Beispiel braucht es diese Cookies, wenn ein User ein Produkt in den Warenkorb legt, dann auf anderen Seiten weitersurft und sp\u00e4ter erst zur Kasse geht. Durch diese Cookies wird der Warenkorb nicht gel\u00f6scht, selbst wenn der User sein Browserfenster schlie\u00dft.<\/p><p style=\"margin-right: 0px; margin-bottom: 20px; margin-left: 0px; color: #333333; font-family: Roboto; font-size: 18px;\"><span class=\"adsimple-311228638\" style=\"font-weight: bold;\">Funktionelle Cookies<br \/><\/span>Diese Cookies sammeln Infos \u00fcber das Userverhalten und ob der User etwaige Fehlermeldungen bekommt. Zudem werden mithilfe dieser Cookies auch die Ladezeit und das Verhalten der Website bei verschiedenen Browsern gemessen.<\/p><p style=\"margin-right: 0px; margin-bottom: 20px; margin-left: 0px; color: #333333; font-family: Roboto; font-size: 18px;\"><span class=\"adsimple-311228638\" style=\"font-weight: bold;\">Zielorientierte Cookies<br \/><\/span>Diese Cookies sorgen f\u00fcr eine bessere Nutzerfreundlichkeit. Beispielsweise werden eingegebene Standorte, Schriftgr\u00f6\u00dfen oder Formulardaten gespeichert.<\/p><p style=\"margin-right: 0px; margin-bottom: 20px; margin-left: 0px; color: #333333; font-family: Roboto; font-size: 18px;\"><span class=\"adsimple-311228638\" style=\"font-weight: bold;\">Werbe-Cookies<br \/><\/span>Diese Cookies werden auch Targeting-Cookies genannt. Sie dienen dazu dem User individuell angepasste Werbung zu liefern. Das kann sehr praktisch, aber auch sehr nervig sein.<\/p><p style=\"margin-right: 0px; margin-bottom: 20px; margin-left: 0px; color: #333333; font-family: Roboto; font-size: 18px;\">\u00dcblicherweise werden Sie beim erstmaligen Besuch einer Webseite gefragt, welche dieser Cookiearten Sie zulassen m\u00f6chten. Und nat\u00fcrlich wird diese Entscheidung auch in einem Cookie gespeichert.<\/p><h3 class=\"adsimple-311228638\" style=\"margin-top: 1em; margin-bottom: 0.5em; font-family: Montserrat; font-weight: bold; line-height: 1.5; font-size: 21px; color: #333333;\" data-fontsize=\"21\" data-lineheight=\"31\">Wie kann ich Cookies l\u00f6schen?<\/h3><p style=\"margin-right: 0px; margin-bottom: 20px; margin-left: 0px; color: #333333; font-family: Roboto; font-size: 18px;\">Wie und ob Sie Cookies verwenden wollen, entscheiden Sie selbst. Unabh\u00e4ngig von welchem Service oder welcher Website die Cookies stammen, haben Sie immer die M\u00f6glichkeit\u00a0Cookies zu l\u00f6schen, nur teilweise zuzulassen oder zu deaktivieren. Zum Beispiel k\u00f6nnen Sie Cookies von Drittanbietern blockieren, aber alle anderen Cookies zulassen.<\/p><p style=\"margin-right: 0px; margin-bottom: 20px; margin-left: 0px; color: #333333; font-family: Roboto; font-size: 18px;\">Wenn Sie feststellen m\u00f6chten, welche Cookies in Ihrem Browser gespeichert wurden, wenn Sie Cookie-Einstellungen \u00e4ndern oder l\u00f6schen wollen, k\u00f6nnen Sie dies in Ihren Browser-Einstellungen finden:<\/p><p style=\"margin-right: 0px; margin-bottom: 20px; margin-left: 0px; color: #333333; font-family: Roboto; font-size: 18px;\"><a class=\"adsimple-311228638\" style=\"text-decoration-line: underline; transition-property: color, background-color, border-color; transition-duration: 0.2s; transition-timing-function: linear; color: #333333;\" href=\"https:\/\/support.google.com\/chrome\/answer\/95647?tid=311228638\" target=\"_blank\" rel=\"noopener\">Chrome: Cookies in Chrome l\u00f6schen, aktivieren und verwalten<\/a><\/p><p style=\"margin-right: 0px; margin-bottom: 20px; margin-left: 0px; color: #333333; font-family: Roboto; font-size: 18px;\"><a class=\"adsimple-311228638\" style=\"text-decoration-line: underline; transition-property: color, background-color, border-color; transition-duration: 0.2s; transition-timing-function: linear; color: #333333;\" href=\"https:\/\/support.apple.com\/de-at\/guide\/safari\/sfri11471\/mac?tid=311228638\" target=\"_blank\" rel=\"noopener\">Safari: Verwalten von Cookies und Websitedaten mit Safari<\/a><\/p><p style=\"margin-right: 0px; margin-bottom: 20px; margin-left: 0px; color: #333333; font-family: Roboto; font-size: 18px;\"><a class=\"adsimple-311228638\" style=\"text-decoration-line: underline; transition-property: color, background-color, border-color; transition-duration: 0.2s; transition-timing-function: linear; color: #333333;\" href=\"https:\/\/support.mozilla.org\/de\/kb\/cookies-und-website-daten-in-firefox-loschen?tid=311228638\" target=\"_blank\" rel=\"noopener\">Firefox: Cookies l\u00f6schen, um Daten zu entfernen, die Websites auf Ihrem Computer abgelegt haben<\/a><\/p><p style=\"margin-right: 0px; margin-bottom: 20px; margin-left: 0px; color: #333333; font-family: Roboto; font-size: 18px;\"><a class=\"adsimple-311228638\" style=\"text-decoration-line: underline; transition-property: color, background-color, border-color; transition-duration: 0.2s; transition-timing-function: linear; color: #333333;\" href=\"https:\/\/support.microsoft.com\/de-at\/help\/17442\/windows-internet-explorer-delete-manage-cookies?tid=311228638\" target=\"_blank\" rel=\"noopener\">Internet Explorer: L\u00f6schen und Verwalten von Cookies<\/a><\/p><p style=\"margin-right: 0px; margin-bottom: 20px; margin-left: 0px; color: #333333; font-family: Roboto; font-size: 18px;\"><a class=\"adsimple-311228638\" style=\"text-decoration-line: underline; transition-property: color, background-color, border-color; transition-duration: 0.2s; transition-timing-function: linear; color: #333333;\" href=\"https:\/\/support.microsoft.com\/de-at\/help\/4027947\/windows-delete-cookies?tid=311228638\" target=\"_blank\" rel=\"noopener\">Microsoft Edge: L\u00f6schen und Verwalten von Cookies<\/a><\/p><p style=\"margin-right: 0px; margin-bottom: 20px; margin-left: 0px; color: #333333; font-family: Roboto; font-size: 18px;\">Falls Sie grunds\u00e4tzlich keine Cookies haben wollen, k\u00f6nnen Sie Ihren Browser so einrichten, dass er Sie immer informiert, wenn ein Cookie gesetzt werden soll. So k\u00f6nnen Sie bei jedem einzelnen Cookie entscheiden, ob Sie das Cookie erlauben oder nicht. Die Vorgangsweise ist je nach Browser verschieden. Am besten ist es Sie suchen die Anleitung in Google mit dem Suchbegriff \u201cCookies l\u00f6schen Chrome\u201d oder \u201cCookies deaktivieren Chrome\u201d im Falle eines Chrome Browsers oder tauschen das Wort \u201cChrome\u201d gegen den Namen Ihres Browsers, z.B. Edge, Firefox, Safari aus.<\/p><h3 class=\"adsimple-311228638\" style=\"margin-top: 1em; margin-bottom: 0.5em; font-family: Montserrat; font-weight: bold; line-height: 1.5; font-size: 21px; color: #333333;\" data-fontsize=\"21\" data-lineheight=\"31\">Wie sieht es mit meinem Datenschutz aus?<\/h3><p style=\"margin-right: 0px; margin-bottom: 20px; margin-left: 0px; color: #333333; font-family: Roboto; font-size: 18px;\">Seit 2009 gibt es die sogenannten \u201eCookie-Richtlinien\u201c. Darin ist festgehalten, dass das Speichern von Cookies eine Einwilligung von Ihnen verlangt. Innerhalb der EU-L\u00e4nder gibt es allerdings noch sehr unterschiedliche Reaktionen auf diese Richtlinien. In Deutschland wurden die Cookie-Richtlinien nicht als nationales Recht umgesetzt. Stattdessen erfolgte die Umsetzung dieser Richtlinie weitgehend in \u00a7 15 Abs.3 des Telemediengesetzes (TMG).<\/p><p style=\"margin-right: 0px; margin-bottom: 20px; margin-left: 0px; color: #333333; font-family: Roboto; font-size: 18px;\">Wenn Sie mehr \u00fcber Cookies wissen m\u00f6chten und technischen Dokumentationen nicht scheuen, empfehlen wir\u00a0<a class=\"adsimple-311228638\" style=\"text-decoration-line: underline; transition-property: color, background-color, border-color; transition-duration: 0.2s; transition-timing-function: linear; color: #333333;\" href=\"https:\/\/tools.ietf.org\/html\/rfc6265\" target=\"_blank\" rel=\"nofollow noopener\">https:\/\/tools.ietf.org\/html\/rfc6265<\/a>, dem Request for Comments der Internet Engineering Task Force (IETF) namens \u201cHTTP State Management Mechanism\u201d.<\/p><h2 class=\"adsimple-311228638\" style=\"color: #333333; margin: 0em 0px 0.5em; font-family: Montserrat; font-weight: bold; line-height: 1.5; font-size: 24px;\" data-fontsize=\"24\" data-lineheight=\"36\">Speicherung pers\u00f6nlicher Daten<\/h2><p style=\"margin-right: 0px; margin-bottom: 20px; margin-left: 0px; color: #333333; font-family: Roboto; font-size: 18px;\">Pers\u00f6nliche Daten, die Sie uns auf dieser Website elektronisch \u00fcbermitteln, wie zum Beispiel Name, E-Mail-Adresse, Adresse oder andere pers\u00f6nlichen Angaben im Rahmen der \u00dcbermittlung eines Formulars oder Kommentaren im Blog, werden von uns gemeinsam mit dem Zeitpunkt und der IP-Adresse nur zum jeweils angegebenen Zweck verwendet, sicher verwahrt und nicht an Dritte weitergegeben.<\/p><p style=\"margin-right: 0px; margin-bottom: 20px; margin-left: 0px; color: #333333; font-family: Roboto; font-size: 18px;\">Wir nutzen Ihre pers\u00f6nlichen Daten somit nur f\u00fcr die Kommunikation mit jenen Besuchern, die Kontakt ausdr\u00fccklich w\u00fcnschen und f\u00fcr die Abwicklung der auf dieser Webseite angebotenen Dienstleistungen und Produkte. Wir geben Ihre pers\u00f6nlichen Daten ohne Zustimmung nicht weiter, k\u00f6nnen jedoch nicht ausschlie\u00dfen, dass diese Daten beim Vorliegen von rechtswidrigem Verhalten eingesehen werden.<\/p><p style=\"margin-right: 0px; margin-bottom: 20px; margin-left: 0px; color: #333333; font-family: Roboto; font-size: 18px;\">Wenn Sie uns pers\u00f6nliche Daten per E-Mail schicken \u2013 somit abseits dieser Webseite \u2013 k\u00f6nnen wir keine sichere \u00dcbertragung und den Schutz Ihrer Daten garantieren. Wir empfehlen Ihnen, vertrauliche Daten niemals unverschl\u00fcsselt per E-Mail zu \u00fcbermitteln.<\/p><p style=\"margin-right: 0px; margin-bottom: 20px; margin-left: 0px; color: #333333; font-family: Roboto; font-size: 18px;\">Die Rechtsgrundlage besteht nach\u00a0<a class=\"adsimple-311228638\" style=\"text-decoration-line: underline; transition-property: color, background-color, border-color; transition-duration: 0.2s; transition-timing-function: linear; color: #333333;\" href=\"https:\/\/eur-lex.europa.eu\/legal-content\/DE\/TXT\/HTML\/?uri=CELEX:32016R0679&amp;from=DE&amp;tid=311228638\" target=\"_blank\" rel=\"noopener\">Artikel 6\u00a0 Absatz 1 a DSGVO<\/a>\u00a0(Rechtm\u00e4\u00dfigkeit der Verarbeitung) darin, dass Sie uns die Einwilligung zur Verarbeitung der von Ihnen eingegebenen Daten geben. Sie k\u00f6nnen diesen Einwilligung jederzeit widerrufen \u2013 eine formlose E-Mail reicht aus, Sie finden unsere Kontaktdaten im Impressum.<\/p>\t\t\t\t\t<\/div>\n\t\t\t\t\t\t<\/div>\n\t\t\t\t<\/div>\n\t\t\t\t\t\t<\/div>\n\t\t\t\t\t<\/div>\n\t\t<\/div>\n\t\t\t\t\t\t\t\t<\/div>\n\t\t\t\t\t<\/div>\n\t\t<\/section>\n\t\t\t\t\t\t<\/div>\n\t\t\t\t\t\t<\/div>\n\t\t\t\t\t<\/div>\n\t\t","protected":false},"excerpt":{"rendered":"<p>Datenschutzerkl\u00e4rung Datenschutz Wir haben diese Datenschutzerkl\u00e4rung (Fassung 06.11.2020-311228638) verfasst, um Ihnen gem\u00e4\u00df der Vorgaben der\u00a0Datenschutz-Grundverordnung (EU) 2016\/679\u00a0zu erkl\u00e4ren, welche Informationen wir sammeln, wie wir Daten verwenden und welche Entscheidungsm\u00f6glichkeiten Sie als Besucher dieser Webseite haben. Leider liegt es in der Natur der Sache, dass diese Erkl\u00e4rungen sehr technisch klingen, wir haben uns bei der Erstellung [&hellip;]<\/p>\n","protected":false},"author":1,"featured_media":0,"parent":0,"menu_order":0,"comment_status":"closed","ping_status":"closed","template":"","meta":{"footnotes":""},"class_list":["post-103","page","type-page","status-publish","hentry"],"_links":{"self":[{"href":"https:\/\/lavendel-gegen-motten.de\/index.php?rest_route=\/wp\/v2\/pages\/103","targetHints":{"allow":["GET"]}}],"collection":[{"href":"https:\/\/lavendel-gegen-motten.de\/index.php?rest_route=\/wp\/v2\/pages"}],"about":[{"href":"https:\/\/lavendel-gegen-motten.de\/index.php?rest_route=\/wp\/v2\/types\/page"}],"author":[{"embeddable":true,"href":"https:\/\/lavendel-gegen-motten.de\/index.php?rest_route=\/wp\/v2\/users\/1"}],"replies":[{"embeddable":true,"href":"https:\/\/lavendel-gegen-motten.de\/index.php?rest_route=%2Fwp%2Fv2%2Fcomments&post=103"}],"version-history":[{"count":7,"href":"https:\/\/lavendel-gegen-motten.de\/index.php?rest_route=\/wp\/v2\/pages\/103\/revisions"}],"predecessor-version":[{"id":110,"href":"https:\/\/lavendel-gegen-motten.de\/index.php?rest_route=\/wp\/v2\/pages\/103\/revisions\/110"}],"wp:attachment":[{"href":"https:\/\/lavendel-gegen-motten.de\/index.php?rest_route=%2Fwp%2Fv2%2Fmedia&parent=103"}],"curies":[{"name":"wp","href":"https:\/\/api.w.org\/{rel}","templated":true}]}}