{"id":122,"date":"2020-11-22T19:51:28","date_gmt":"2020-11-22T19:51:28","guid":{"rendered":"https:\/\/lavendel-gegen-motten.de\/?page_id=122"},"modified":"2020-11-23T09:05:03","modified_gmt":"2020-11-23T09:05:03","slug":"impressum","status":"publish","type":"page","link":"https:\/\/lavendel-gegen-motten.de\/?page_id=122","title":{"rendered":"Impressum"},"content":{"rendered":"\t\t<div data-elementor-type=\"wp-page\" data-elementor-id=\"122\" class=\"elementor elementor-122\" data-elementor-settings=\"[]\">\n\t\t\t\t\t\t<div class=\"elementor-inner\">\n\t\t\t\t\t\t\t<div class=\"elementor-section-wrap\">\n\t\t\t\t\t\t\t<section class=\"elementor-section elementor-top-section elementor-element elementor-element-3444018 elementor-section-boxed elementor-section-height-default elementor-section-height-default\" data-id=\"3444018\" data-element_type=\"section\">\n\t\t\t\t\t\t<div class=\"elementor-container elementor-column-gap-default\">\n\t\t\t\t\t\t\t<div class=\"elementor-row\">\n\t\t\t\t\t<div class=\"elementor-column elementor-col-100 elementor-top-column elementor-element elementor-element-5aebf58\" data-id=\"5aebf58\" data-element_type=\"column\">\n\t\t\t<div class=\"elementor-column-wrap elementor-element-populated\">\n\t\t\t\t\t\t\t<div class=\"elementor-widget-wrap\">\n\t\t\t\t\t\t<div class=\"elementor-element elementor-element-6546901 elementor-widget elementor-widget-text-editor\" data-id=\"6546901\" data-element_type=\"widget\" data-widget_type=\"text-editor.default\">\n\t\t\t\t<div class=\"elementor-widget-container\">\n\t\t\t\t\t\t\t\t<div class=\"elementor-text-editor elementor-clearfix\">\n\t\t\t\t<p>\u00a0<\/p><p style=\"font-family: Roboto;\">Angaben gem\u00e4\u00df \u00a7 5 TMG<br \/>Dieter Grill<br \/>Im Eck 3<br \/>55469 Riegenroth<\/p><p style=\"font-family: Roboto;\">\u00a0<\/p><p style=\"font-family: Roboto;\">\u00a0<\/p><p style=\"font-family: Roboto;\">Kontakt<br \/>Telefon: +49 (0) 6766\u2013 9695990<br \/>E-Mail: info@lavendel-gegen-motten.de<\/p><p style=\"font-family: Roboto;\">\u00a0<\/p><p style=\"font-family: Roboto;\">\u00a0<\/p><p style=\"font-family: Roboto;\"><span style=\"color: var( --e-global-color-text ); font-weight: var( --e-global-typography-text-font-weight ); font-size: 1rem;\">Verantwortlich f\u00fcr den Inhalt nach \u00a7 55 Abs. 2 RStV<\/span><\/p><p><span style=\"font-family: Roboto;\">Dieter Grill<\/span><br style=\"font-family: Roboto;\" \/><span style=\"font-family: Roboto;\">Hauptstr. 11 a<\/span><\/p><p style=\"font-family: Roboto;\"><span style=\"color: var( --e-global-color-text ); font-weight: var( --e-global-typography-text-font-weight ); font-size: 1rem;\">55469 Riegenroth<\/span><\/p><p style=\"font-family: Roboto;\"><span style=\"color: var( --e-global-color-text ); font-weight: var( --e-global-typography-text-font-weight ); font-size: 1rem;\">Verbraucherstreitbeilegung\/Universalschlichtungsstelle<\/span><\/p><p style=\"font-family: Roboto;\">Wir sind nicht bereit oder verpflichtet, an Streitbeilegungsverfahren vor einer Verbraucherschlichtungsstelle teilzunehmen.<\/p><p style=\"font-family: Roboto;\">\u00a0<\/p><p style=\"font-family: Roboto;\">\u00a0<\/p><p style=\"font-family: Roboto;\">Haftung f\u00fcr Inhalte<\/p><p style=\"font-family: Roboto;\">\u00a0<\/p><p style=\"font-family: Roboto;\">\u00a0<\/p><p style=\"font-family: Roboto;\">Als Diensteanbieter sind wir gem\u00e4\u00df \u00a7 7 Abs.1 TMG f\u00fcr eigene Inhalte auf diesen Seiten nach den allgemeinen Gesetzen verantwortlich. Nach \u00a7\u00a7 8 bis 10 TMG sind wir als Diensteanbieter jedoch nicht verpflichtet, \u00fcbermittelte oder gespeicherte fremde Informationen zu \u00fcberwachen oder nach Umst\u00e4nde forschen, die auf eine rechtswidrige T\u00e4tigkeit hinweisen.<br \/>Verpflichtungen zur Entfernung oder Sperrung der Nutzung von Informationen nach den allgemeinen<\/p>\t\t\t\t\t<\/div>\n\t\t\t\t\t\t<\/div>\n\t\t\t\t<\/div>\n\t\t\t\t\t\t<\/div>\n\t\t\t\t\t<\/div>\n\t\t<\/div>\n\t\t\t\t\t\t\t\t<\/div>\n\t\t\t\t\t<\/div>\n\t\t<\/section>\n\t\t\t\t\t\t<\/div>\n\t\t\t\t\t\t<\/div>\n\t\t\t\t\t<\/div>\n\t\t","protected":false},"excerpt":{"rendered":"<p>\u00a0 Angaben gem\u00e4\u00df \u00a7 5 TMGDieter GrillIm Eck 355469 Riegenroth \u00a0 \u00a0 KontaktTelefon: +49 (0) 6766\u2013 9695990E-Mail: info@lavendel-gegen-motten.de \u00a0 \u00a0 Verantwortlich f\u00fcr den Inhalt nach \u00a7 55 Abs. 2 RStV Dieter GrillHauptstr. 11 a 55469 Riegenroth Verbraucherstreitbeilegung\/Universalschlichtungsstelle Wir sind nicht bereit oder verpflichtet, an Streitbeilegungsverfahren vor einer Verbraucherschlichtungsstelle teilzunehmen. \u00a0 \u00a0 Haftung f\u00fcr Inhalte \u00a0 [&hellip;]<\/p>\n","protected":false},"author":1,"featured_media":0,"parent":0,"menu_order":0,"comment_status":"closed","ping_status":"closed","template":"","meta":{"footnotes":""},"class_list":["post-122","page","type-page","status-publish","hentry"],"_links":{"self":[{"href":"https:\/\/lavendel-gegen-motten.de\/index.php?rest_route=\/wp\/v2\/pages\/122","targetHints":{"allow":["GET"]}}],"collection":[{"href":"https:\/\/lavendel-gegen-motten.de\/index.php?rest_route=\/wp\/v2\/pages"}],"about":[{"href":"https:\/\/lavendel-gegen-motten.de\/index.php?rest_route=\/wp\/v2\/types\/page"}],"author":[{"embeddable":true,"href":"https:\/\/lavendel-gegen-motten.de\/index.php?rest_route=\/wp\/v2\/users\/1"}],"replies":[{"embeddable":true,"href":"https:\/\/lavendel-gegen-motten.de\/index.php?rest_route=%2Fwp%2Fv2%2Fcomments&post=122"}],"version-history":[{"count":14,"href":"https:\/\/lavendel-gegen-motten.de\/index.php?rest_route=\/wp\/v2\/pages\/122\/revisions"}],"predecessor-version":[{"id":147,"href":"https:\/\/lavendel-gegen-motten.de\/index.php?rest_route=\/wp\/v2\/pages\/122\/revisions\/147"}],"wp:attachment":[{"href":"https:\/\/lavendel-gegen-motten.de\/index.php?rest_route=%2Fwp%2Fv2%2Fmedia&parent=122"}],"curies":[{"name":"wp","href":"https:\/\/api.w.org\/{rel}","templated":true}]}}